{"id":77,"date":"2023-06-09T14:12:13","date_gmt":"2023-06-09T14:12:13","guid":{"rendered":"https:\/\/kaeding.de\/?page_id=77"},"modified":"2023-06-23T19:31:58","modified_gmt":"2023-06-23T19:31:58","slug":"ueber-mich","status":"publish","type":"page","link":"https:\/\/ki-info.net\/?page_id=77","title":{"rendered":"\u00fcber mich"},"content":{"rendered":"\n<div class=\"wp-block-columns is-layout-flex wp-container-core-columns-is-layout-9d6595d7 wp-block-columns-is-layout-flex\">\n<div class=\"wp-block-column is-layout-flow wp-block-column-is-layout-flow\">\n<p>J\u00fcrgen K\u00e4ding<br>Jahrgang 1955<br>seit 1972 unterwegs in der Welt<br>der Datenverarbeitung<br>Mein Motto:<br>&#8222;IT, man liebt sie oder hasst sie&#8220;<br>Mail an mich unter: ki@kaeding.de <\/p>\n<\/div>\n\n\n\n<div class=\"wp-block-column is-layout-flow wp-block-column-is-layout-flow\">\n<figure class=\"wp-block-image size-full is-resized\"><img loading=\"lazy\" decoding=\"async\" src=\"https:\/\/ki-info.net\/wp-content\/uploads\/2023\/06\/ich_neu.jpg\" alt=\"\" class=\"wp-image-85\" width=\"199\" height=\"195\" srcset=\"https:\/\/ki-info.net\/wp-content\/uploads\/2023\/06\/ich_neu.jpg 316w, https:\/\/ki-info.net\/wp-content\/uploads\/2023\/06\/ich_neu-300x294.jpg 300w\" sizes=\"auto, (max-width: 199px) 100vw, 199px\" \/><\/figure>\n<\/div>\n<\/div>\n\n\n\n<p>In meinem engen  Umfeld gibt es eine Vielzahl von Meinungen zum Thema K\u00fcnstliche Intelligenz (KI), die von gro\u00dfer Skepsis gepr\u00e4gt sind und sich durch alle Altersgruppen ziehen. Ich selbst bin begeistert von den M\u00f6glichkeiten, die sich durch die Entwicklung von KI-Systemen er\u00f6ffnen, und versuche, diese aus verschiedenen Perspektiven zu betrachten.<\/p>\n\n\n\n<p>Ich w\u00fcnsche allen viel Spa\u00df und Erfolg beim St\u00f6bern auf dieser WEB-Site<\/p>\n\n\n\n<figure class=\"wp-block-image size-large\"><img loading=\"lazy\" decoding=\"async\" width=\"1024\" height=\"724\" src=\"https:\/\/ki-info.net\/wp-content\/uploads\/2023\/06\/ein-1024x724.jpg\" alt=\"\" class=\"wp-image-114\" srcset=\"https:\/\/ki-info.net\/wp-content\/uploads\/2023\/06\/ein-1024x724.jpg 1024w, https:\/\/ki-info.net\/wp-content\/uploads\/2023\/06\/ein-300x212.jpg 300w, https:\/\/ki-info.net\/wp-content\/uploads\/2023\/06\/ein-768x543.jpg 768w, https:\/\/ki-info.net\/wp-content\/uploads\/2023\/06\/ein-1536x1087.jpg 1536w, https:\/\/ki-info.net\/wp-content\/uploads\/2023\/06\/ein-676x478.jpg 676w, https:\/\/ki-info.net\/wp-content\/uploads\/2023\/06\/ein.jpg 1753w\" sizes=\"auto, (max-width: 1024px) 100vw, 1024px\" \/><\/figure>\n","protected":false},"excerpt":{"rendered":"<p>J\u00fcrgen K\u00e4dingJahrgang 1955seit 1972 unterwegs in der Weltder DatenverarbeitungMein Motto:&#8222;IT, man liebt sie oder hasst sie&#8220;Mail an mich unter: ki@kaeding.de In meinem engen Umfeld gibt es eine Vielzahl von Meinungen zum Thema K\u00fcnstliche Intelligenz (KI), die von gro\u00dfer Skepsis gepr\u00e4gt sind und sich durch alle Altersgruppen ziehen. Ich selbst bin begeistert von den M\u00f6glichkeiten, die [&hellip;]<\/p>\n","protected":false},"author":1,"featured_media":0,"parent":0,"menu_order":0,"comment_status":"closed","ping_status":"closed","template":"","meta":{"footnotes":""},"class_list":["post-77","page","type-page","status-publish","hentry","post-preview"],"_links":{"self":[{"href":"https:\/\/ki-info.net\/index.php?rest_route=\/wp\/v2\/pages\/77","targetHints":{"allow":["GET"]}}],"collection":[{"href":"https:\/\/ki-info.net\/index.php?rest_route=\/wp\/v2\/pages"}],"about":[{"href":"https:\/\/ki-info.net\/index.php?rest_route=\/wp\/v2\/types\/page"}],"author":[{"embeddable":true,"href":"https:\/\/ki-info.net\/index.php?rest_route=\/wp\/v2\/users\/1"}],"replies":[{"embeddable":true,"href":"https:\/\/ki-info.net\/index.php?rest_route=%2Fwp%2Fv2%2Fcomments&post=77"}],"version-history":[{"count":3,"href":"https:\/\/ki-info.net\/index.php?rest_route=\/wp\/v2\/pages\/77\/revisions"}],"predecessor-version":[{"id":115,"href":"https:\/\/ki-info.net\/index.php?rest_route=\/wp\/v2\/pages\/77\/revisions\/115"}],"wp:attachment":[{"href":"https:\/\/ki-info.net\/index.php?rest_route=%2Fwp%2Fv2%2Fmedia&parent=77"}],"curies":[{"name":"wp","href":"https:\/\/api.w.org\/{rel}","templated":true}]}}