{"id":73,"date":"2023-06-09T14:14:04","date_gmt":"2023-06-09T14:14:04","guid":{"rendered":"https:\/\/kaeding.de\/?page_id=73"},"modified":"2023-07-22T20:15:01","modified_gmt":"2023-07-22T20:15:01","slug":"anwendungen","status":"publish","type":"page","link":"https:\/\/ki-info.net\/?page_id=73","title":{"rendered":"Anwendungen mit K\u00fcnstlicher Intelligenz"},"content":{"rendered":"\n<p>Hier pr\u00e4sentiere ich Ihnen eine Auswahl an Softwareanwendungen, die die neuesten Fortschritte in der K\u00fcnstlichen Intelligenz (KI) nutzen. Erfahren Sie, wie KI in verschiedenen Bereichen eingesetzt wird, um Ihnen einzigartige Funktionen und Vorteile zu bieten. Dabei beschr\u00e4nke ich mich auf vier Anwendungsbereiche, die wir alle t\u00e4glich nutzen: Bildbearbeitung, <a rel=\"noreferrer noopener\" href=\"https:\/\/ki-info.net\/?page_id=155\" data-type=\"page\" data-id=\"155\" target=\"_blank\">Spracherkennung<\/a>, <a href=\"https:\/\/ki-info.net\/?page_id=166\" data-type=\"page\" data-id=\"166\">Textverarbeitung<\/a> und <a href=\"https:\/\/ki-info.net\/?page_id=184\" data-type=\"page\" data-id=\"184\">Robotik<\/a><\/p>\n\n\n\n<div class=\"wp-block-columns is-layout-flex wp-container-core-columns-is-layout-9d6595d7 wp-block-columns-is-layout-flex\">\n<div class=\"wp-block-column is-layout-flow wp-block-column-is-layout-flow\" style=\"flex-basis:33.33%\">\n<figure class=\"wp-block-image size-full is-resized\"><img loading=\"lazy\" decoding=\"async\" src=\"https:\/\/ki-info.net\/wp-content\/uploads\/2023\/07\/meineKI-Bildbearbeitung-2.jpg\" alt=\"\" class=\"wp-image-138\" width=\"243\" height=\"243\" srcset=\"https:\/\/ki-info.net\/wp-content\/uploads\/2023\/07\/meineKI-Bildbearbeitung-2.jpg 596w, https:\/\/ki-info.net\/wp-content\/uploads\/2023\/07\/meineKI-Bildbearbeitung-2-300x300.jpg 300w, https:\/\/ki-info.net\/wp-content\/uploads\/2023\/07\/meineKI-Bildbearbeitung-2-150x150.jpg 150w\" sizes=\"auto, (max-width: 243px) 100vw, 243px\" \/><figcaption class=\"wp-element-caption\">@KI generiert J. K\u00e4ding<\/figcaption><\/figure>\n<\/div>\n\n\n\n<div class=\"wp-block-column is-layout-flow wp-block-column-is-layout-flow\" style=\"flex-basis:66.66%\">\n<p>Bildbearbeitungssoftware wird verwendet, um reale Bilder zu gestalten oder zu verbessern. Ein Beispiel daf\u00fcr ist <a rel=\"noreferrer noopener\" href=\"https:\/\/www.adobe.com\/de\/sensei\/generative-ai\/firefly.html\" data-type=\"URL\" data-id=\"https:\/\/www.adobe.com\/de\/sensei\/generative-ai\/firefly.html\" target=\"_blank\">Adobe Photoshop Firefly<\/a>, das KI einsetzt, um Fehler oder unerw\u00fcnschte Objekte  zu korrigieren. In diesem Zusammenhang stellt sich die Frage, ob das, was wir sehen, \u00fcberhaupt noch real ist.<br>Ein weiteres Produkt ist <a rel=\"noreferrer noopener\" href=\"https:\/\/www.acdsee.com\/de\/products\/photo-studio-home\/\" data-type=\"URL\" data-id=\"https:\/\/www.acdsee.com\/de\/products\/photo-studio-home\/\" target=\"_blank\">ACDSee<\/a>, das KI mit Gesichtserkennung verbindet, um Bildersammlungen nach Personen zu katalogisieren.<\/p>\n<\/div>\n<\/div>\n\n\n\n<div class=\"wp-block-columns is-layout-flex wp-container-core-columns-is-layout-9d6595d7 wp-block-columns-is-layout-flex\">\n<div class=\"wp-block-column is-layout-flow wp-block-column-is-layout-flow\" style=\"flex-basis:33.33%\">\n<figure class=\"wp-block-image size-full is-resized\"><img loading=\"lazy\" decoding=\"async\" src=\"https:\/\/ki-info.net\/wp-content\/uploads\/2023\/07\/bildgenerator.jpg\" alt=\"\" class=\"wp-image-143\" width=\"240\" height=\"240\" srcset=\"https:\/\/ki-info.net\/wp-content\/uploads\/2023\/07\/bildgenerator.jpg 1024w, https:\/\/ki-info.net\/wp-content\/uploads\/2023\/07\/bildgenerator-300x300.jpg 300w, https:\/\/ki-info.net\/wp-content\/uploads\/2023\/07\/bildgenerator-150x150.jpg 150w, https:\/\/ki-info.net\/wp-content\/uploads\/2023\/07\/bildgenerator-768x768.jpg 768w, https:\/\/ki-info.net\/wp-content\/uploads\/2023\/07\/bildgenerator-676x676.jpg 676w\" sizes=\"auto, (max-width: 240px) 100vw, 240px\" \/><figcaption class=\"wp-element-caption\">@KI generiert J. K\u00e4ding<\/figcaption><\/figure>\n<\/div>\n\n\n\n<div class=\"wp-block-column is-layout-flow wp-block-column-is-layout-flow\" style=\"flex-basis:66.66%\">\n<p>Bildgeneratoren sind Anwendungen, bei denen durch Text- oder Spracheingabe Bilder entstehen, die es in der Realit\u00e4t nicht gibt oder geben kann. Hier m\u00f6chte ich ebenfalls zwei Beispiele nennen. Der absolute Marktf\u00fchrer in diesem Bereich ist <a rel=\"noreferrer noopener\" href=\"https:\/\/www.midjourney.com\" data-type=\"URL\" data-id=\"https:\/\/www.midjourney.com\" target=\"_blank\">Midjourney<\/a>, allerdings handelt es sich dabei um eine kostenpflichtige Variante. F\u00fcr Interessierte empfehle ich einen Beitrag im <a rel=\"noreferrer noopener\" href=\"https:\/\/www.blogmojo.de\/ki-bildgeneratoren\" data-type=\"URL\" data-id=\"https:\/\/www.blogmojo.de\/ki-bildgeneratoren\" target=\"_blank\">Blogmojo<\/a>, der viele Empfehlungen und praktische Tipps gibt.<\/p>\n\n\n\n<p>Als kostenlose Alternative bietet sich der Microsoft <a rel=\"noreferrer noopener\" href=\"https:\/\/www.bing.com\/create?toWww=1&amp;redig=29BD0BECC89A4040B5C4DE617A08655E\" data-type=\"URL\" data-id=\"https:\/\/www.bing.com\/create?toWww=1&amp;redig=29BD0BECC89A4040B5C4DE617A08655E\" target=\"_blank\">Image Creator von Bing<\/a> an. Dieser Generator ist eine der neuesten Entwicklungen aus dem Hause Microsoft und ich selbst benutze ihn gerne. <br>Kann man da seinen eigenen Augen noch trauen?<\/p>\n<\/div>\n<\/div>\n\n\n\n<figure class=\"wp-block-gallery has-nested-images columns-default is-cropped wp-block-gallery-1 is-layout-flex wp-block-gallery-is-layout-flex\">\n<figure class=\"wp-block-image size-large\"><img loading=\"lazy\" decoding=\"async\" width=\"1024\" height=\"1024\" data-id=\"143\" src=\"https:\/\/ki-info.net\/wp-content\/uploads\/2023\/07\/bildgenerator.jpg\" alt=\"\" class=\"wp-image-143\" srcset=\"https:\/\/ki-info.net\/wp-content\/uploads\/2023\/07\/bildgenerator.jpg 1024w, https:\/\/ki-info.net\/wp-content\/uploads\/2023\/07\/bildgenerator-300x300.jpg 300w, https:\/\/ki-info.net\/wp-content\/uploads\/2023\/07\/bildgenerator-150x150.jpg 150w, https:\/\/ki-info.net\/wp-content\/uploads\/2023\/07\/bildgenerator-768x768.jpg 768w, https:\/\/ki-info.net\/wp-content\/uploads\/2023\/07\/bildgenerator-676x676.jpg 676w\" sizes=\"auto, (max-width: 1024px) 100vw, 1024px\" \/><figcaption class=\"wp-element-caption\">@KI generiert J. K\u00e4ding<\/figcaption><\/figure>\n\n\n\n<figure class=\"wp-block-image size-large\"><img loading=\"lazy\" decoding=\"async\" width=\"300\" height=\"300\" data-id=\"24\" src=\"https:\/\/ki-info.net\/wp-content\/uploads\/2023\/06\/KI-Frau-1-300x300-1.jpg\" alt=\"\" class=\"wp-image-24\" srcset=\"https:\/\/ki-info.net\/wp-content\/uploads\/2023\/06\/KI-Frau-1-300x300-1.jpg 300w, https:\/\/ki-info.net\/wp-content\/uploads\/2023\/06\/KI-Frau-1-300x300-1-150x150.jpg 150w\" sizes=\"auto, (max-width: 300px) 100vw, 300px\" \/><figcaption class=\"wp-element-caption\">@KI generiert Bea aus der B\u00e4ckerei<\/figcaption><\/figure>\n\n\n\n<figure class=\"wp-block-image size-large\"><img loading=\"lazy\" decoding=\"async\" width=\"992\" height=\"558\" data-id=\"147\" src=\"https:\/\/ki-info.net\/wp-content\/uploads\/2023\/07\/schoeneMenschen.webp\" alt=\"\" class=\"wp-image-147\" srcset=\"https:\/\/ki-info.net\/wp-content\/uploads\/2023\/07\/schoeneMenschen.webp 992w, https:\/\/ki-info.net\/wp-content\/uploads\/2023\/07\/schoeneMenschen-300x169.webp 300w, https:\/\/ki-info.net\/wp-content\/uploads\/2023\/07\/schoeneMenschen-768x432.webp 768w, https:\/\/ki-info.net\/wp-content\/uploads\/2023\/07\/schoeneMenschen-676x380.webp 676w\" sizes=\"auto, (max-width: 992px) 100vw, 992px\" \/><figcaption class=\"wp-element-caption\">Ki gestaltet perfekte Menschen<\/figcaption><\/figure>\n\n\n\n<figure class=\"wp-block-image size-large\"><img loading=\"lazy\" decoding=\"async\" width=\"1024\" height=\"560\" data-id=\"148\" src=\"https:\/\/ki-info.net\/wp-content\/uploads\/2023\/07\/trump-ki-bilder-higgins-collage-1412x772-1-1024x560.png\" alt=\"\" class=\"wp-image-148\" srcset=\"https:\/\/ki-info.net\/wp-content\/uploads\/2023\/07\/trump-ki-bilder-higgins-collage-1412x772-1-1024x560.png 1024w, https:\/\/ki-info.net\/wp-content\/uploads\/2023\/07\/trump-ki-bilder-higgins-collage-1412x772-1-300x164.png 300w, https:\/\/ki-info.net\/wp-content\/uploads\/2023\/07\/trump-ki-bilder-higgins-collage-1412x772-1-768x420.png 768w, https:\/\/ki-info.net\/wp-content\/uploads\/2023\/07\/trump-ki-bilder-higgins-collage-1412x772-1-676x370.png 676w, https:\/\/ki-info.net\/wp-content\/uploads\/2023\/07\/trump-ki-bilder-higgins-collage-1412x772-1.png 1412w\" sizes=\"auto, (max-width: 1024px) 100vw, 1024px\" \/><figcaption class=\"wp-element-caption\">@KI generiert  Verhaftung Donald Trump<\/figcaption><\/figure>\n<\/figure>\n","protected":false},"excerpt":{"rendered":"<p>Hier pr\u00e4sentiere ich Ihnen eine Auswahl an Softwareanwendungen, die die neuesten Fortschritte in der K\u00fcnstlichen Intelligenz (KI) nutzen. Erfahren Sie, wie KI in verschiedenen Bereichen eingesetzt wird, um Ihnen einzigartige Funktionen und Vorteile zu bieten. Dabei beschr\u00e4nke ich mich auf vier Anwendungsbereiche, die wir alle t\u00e4glich nutzen: Bildbearbeitung, Spracherkennung, Textverarbeitung und Robotik Bildbearbeitungssoftware wird verwendet, [&hellip;]<\/p>\n","protected":false},"author":1,"featured_media":0,"parent":0,"menu_order":0,"comment_status":"closed","ping_status":"closed","template":"","meta":{"footnotes":""},"class_list":["post-73","page","type-page","status-publish","hentry","post-preview"],"_links":{"self":[{"href":"https:\/\/ki-info.net\/index.php?rest_route=\/wp\/v2\/pages\/73","targetHints":{"allow":["GET"]}}],"collection":[{"href":"https:\/\/ki-info.net\/index.php?rest_route=\/wp\/v2\/pages"}],"about":[{"href":"https:\/\/ki-info.net\/index.php?rest_route=\/wp\/v2\/types\/page"}],"author":[{"embeddable":true,"href":"https:\/\/ki-info.net\/index.php?rest_route=\/wp\/v2\/users\/1"}],"replies":[{"embeddable":true,"href":"https:\/\/ki-info.net\/index.php?rest_route=%2Fwp%2Fv2%2Fcomments&post=73"}],"version-history":[{"count":16,"href":"https:\/\/ki-info.net\/index.php?rest_route=\/wp\/v2\/pages\/73\/revisions"}],"predecessor-version":[{"id":241,"href":"https:\/\/ki-info.net\/index.php?rest_route=\/wp\/v2\/pages\/73\/revisions\/241"}],"wp:attachment":[{"href":"https:\/\/ki-info.net\/index.php?rest_route=%2Fwp%2Fv2%2Fmedia&parent=73"}],"curies":[{"name":"wp","href":"https:\/\/api.w.org\/{rel}","templated":true}]}}