{"id":67,"date":"2023-06-09T14:07:52","date_gmt":"2023-06-09T14:07:52","guid":{"rendered":"https:\/\/kaeding.de\/?page_id=67"},"modified":"2023-06-23T19:06:12","modified_gmt":"2023-06-23T19:06:12","slug":"eure-meinung","status":"publish","type":"page","link":"https:\/\/ki-info.net\/?page_id=67","title":{"rendered":"Deine Meinung"},"content":{"rendered":"\n<div class=\"wp-block-columns is-layout-flex wp-container-core-columns-is-layout-9d6595d7 wp-block-columns-is-layout-flex\">\n<div class=\"wp-block-column is-layout-flow wp-block-column-is-layout-flow\" style=\"flex-basis:33.33%\">\n<figure class=\"wp-block-image size-full\"><img loading=\"lazy\" decoding=\"async\" width=\"185\" height=\"92\" src=\"https:\/\/ki-info.net\/wp-content\/uploads\/2023\/06\/kira.jpg\" alt=\"\" class=\"wp-image-97\"\/><\/figure>\n<\/div>\n\n\n\n<div class=\"wp-block-column is-layout-flow wp-block-column-is-layout-flow\" style=\"flex-basis:66.66%\">\n<p><a href=\"https:\/\/kira.eu\/de\/start\">Willkommen bei KIRA<\/a> &#8211; dem Zentrum f\u00fcr KI-Risiken &amp; -Auswirkungen. Als unabh\u00e4ngiger Think-Tank arbeitet KIRA mit Forschung, Industrie und dem \u00f6ffentlichen Sektor zusammen, um die Folgen K\u00fcnstlicher Intelligenz zu erforschen. Laut einer aktuellen <a href=\"https:\/\/static1.squarespace.com\/static\/6426ad829db93559a3ed812e\/t\/64388f3a82787c5ebb290743\/1681428318566\/KIRA_Report_2023-4.pdf\">Umfrage<\/a> von KIRA haben mehr als die H\u00e4lfte der Deutschen Angst vor KI. KIRA  besch\u00e4ftigt sich intensiv mit der Frage, ob KI die Menschheit  zerst\u00f6ren wird. Erfahrt mehr \u00fcber die Arbeit, die Ergebnisse und Studien. <\/p>\n<\/div>\n<\/div>\n\n\n\n<div class=\"wp-block-columns is-layout-flex wp-container-core-columns-is-layout-9d6595d7 wp-block-columns-is-layout-flex\">\n<div class=\"wp-block-column is-layout-flow wp-block-column-is-layout-flow\">\n<p>Ich denke, es ist wichtig, zu einem Thema eine eigene Meinung zu haben. Die <a rel=\"noreferrer noopener\" href=\"https:\/\/static1.squarespace.com\/static\/6426ad829db93559a3ed812e\/t\/64388f3a82787c5ebb290743\/1681428318566\/KIRA_Report_2023-4.pdf\" data-type=\"URL\" data-id=\"https:\/\/static1.squarespace.com\/static\/6426ad829db93559a3ed812e\/t\/64388f3a82787c5ebb290743\/1681428318566\/KIRA_Report_2023-4.pdf\" target=\"_blank\">verlinkte Umfrage<\/a> gibt einige interessante Anregungen, die zum Nachdenken anregen k\u00f6nnen. Es ist immer lohnenswert, verschiedene Perspektiven zu betrachten und sich mit anderen Meinungen auseinanderzusetzen. Gerne k\u00f6nnt Ihr Eure Meinung an mich unter <a href=\"mailto:ki@kaeding.de\">ki@kaeding.de<\/a> schicken. Ich bin sehr gespannt darauf, Eure Standpunkte zu erfahren und eine Diskussion dar\u00fcber zuf\u00fchren. Lasst uns gemeinsam den Austausch f\u00f6rdern und voneinander lernen.<\/p>\n<\/div>\n<\/div>\n\n\n\n<p><\/p>\n","protected":false},"excerpt":{"rendered":"<p>Willkommen bei KIRA &#8211; dem Zentrum f\u00fcr KI-Risiken &amp; -Auswirkungen. Als unabh\u00e4ngiger Think-Tank arbeitet KIRA mit Forschung, Industrie und dem \u00f6ffentlichen Sektor zusammen, um die Folgen K\u00fcnstlicher Intelligenz zu erforschen. Laut einer aktuellen Umfrage von KIRA haben mehr als die H\u00e4lfte der Deutschen Angst vor KI. KIRA besch\u00e4ftigt sich intensiv mit der Frage, ob KI [&hellip;]<\/p>\n","protected":false},"author":1,"featured_media":0,"parent":0,"menu_order":0,"comment_status":"closed","ping_status":"closed","template":"","meta":{"footnotes":""},"class_list":["post-67","page","type-page","status-publish","hentry","post-preview"],"_links":{"self":[{"href":"https:\/\/ki-info.net\/index.php?rest_route=\/wp\/v2\/pages\/67","targetHints":{"allow":["GET"]}}],"collection":[{"href":"https:\/\/ki-info.net\/index.php?rest_route=\/wp\/v2\/pages"}],"about":[{"href":"https:\/\/ki-info.net\/index.php?rest_route=\/wp\/v2\/types\/page"}],"author":[{"embeddable":true,"href":"https:\/\/ki-info.net\/index.php?rest_route=\/wp\/v2\/users\/1"}],"replies":[{"embeddable":true,"href":"https:\/\/ki-info.net\/index.php?rest_route=%2Fwp%2Fv2%2Fcomments&post=67"}],"version-history":[{"count":5,"href":"https:\/\/ki-info.net\/index.php?rest_route=\/wp\/v2\/pages\/67\/revisions"}],"predecessor-version":[{"id":110,"href":"https:\/\/ki-info.net\/index.php?rest_route=\/wp\/v2\/pages\/67\/revisions\/110"}],"wp:attachment":[{"href":"https:\/\/ki-info.net\/index.php?rest_route=%2Fwp%2Fv2%2Fmedia&parent=67"}],"curies":[{"name":"wp","href":"https:\/\/api.w.org\/{rel}","templated":true}]}}