{"id":40,"date":"2023-06-08T19:41:03","date_gmt":"2023-06-08T19:41:03","guid":{"rendered":"https:\/\/kaeding.de\/?page_id=40"},"modified":"2023-07-28T11:06:22","modified_gmt":"2023-07-28T11:06:22","slug":"mein-lieblingsbaecker","status":"publish","type":"page","link":"https:\/\/ki-info.net\/","title":{"rendered":"Mein Lieblingsb\u00e4cker"},"content":{"rendered":"\n<div class=\"wp-block-columns is-layout-flex wp-container-core-columns-is-layout-9d6595d7 wp-block-columns-is-layout-flex\">\n<div class=\"wp-block-column is-layout-flow wp-block-column-is-layout-flow\" style=\"flex-basis:66.66%\">\n<p><strong>Mein Lieblingsb\u00e4cker um die Ecke<\/strong><\/p>\n\n\n\n<p>Wie jeden Samstag sage ich zu meiner Frau: \u201eSchatz, ich geh mal schnell zum B\u00e4cker\u201c.<\/p>\n\n\n\n<p>Sie antwortet wie immer mit der gleichen liebevollen Stimme: \u201eSchon gut, es dauert nicht lange. Ich koche in der Zwischenzeit den Kaffee\u201c.<\/p>\n<\/div>\n\n\n\n<div class=\"wp-block-column is-vertically-aligned-top is-layout-flow wp-block-column-is-layout-flow\" style=\"flex-basis:33.33%\">\n<figure class=\"wp-block-image size-full\"><img loading=\"lazy\" decoding=\"async\" width=\"1024\" height=\"1024\" src=\"https:\/\/ki-info.net\/wp-content\/uploads\/2023\/07\/lieblingsbaecker.jpeg\" alt=\"\" class=\"wp-image-238\" srcset=\"https:\/\/ki-info.net\/wp-content\/uploads\/2023\/07\/lieblingsbaecker.jpeg 1024w, https:\/\/ki-info.net\/wp-content\/uploads\/2023\/07\/lieblingsbaecker-300x300.jpeg 300w, https:\/\/ki-info.net\/wp-content\/uploads\/2023\/07\/lieblingsbaecker-150x150.jpeg 150w, https:\/\/ki-info.net\/wp-content\/uploads\/2023\/07\/lieblingsbaecker-768x768.jpeg 768w, https:\/\/ki-info.net\/wp-content\/uploads\/2023\/07\/lieblingsbaecker-676x676.jpeg 676w\" sizes=\"auto, (max-width: 1024px) 100vw, 1024px\" \/><figcaption class=\"wp-element-caption\">@KI generiert J. K\u00e4ding<\/figcaption><\/figure>\n<\/div>\n<\/div>\n\n\n\n<div class=\"wp-block-columns is-layout-flex wp-container-core-columns-is-layout-9d6595d7 wp-block-columns-is-layout-flex\">\n<div class=\"wp-block-column is-layout-flow wp-block-column-is-layout-flow\">\n<p>Beim B\u00e4cker angekommen, begr\u00fc\u00dft mich die h\u00fcbsche Verk\u00e4uferin Bea mit einer fast melodischen Stimme. Die Kamera am Eingang hat dem KI-System per Personenerkennung mitgeteilt, dass ich den Laden betrete.<\/p>\n<p>Mit schnellen und geschickten Bewegungen legt Bea ohne zu fragen 5 Roggenbr\u00f6tchen, 10 Weizenbr\u00f6tchen und 4 Milchbr\u00f6tchen in den Einkaufswagen.<\/p>\n<p>Als sie fertig war, sagte Bea zu mir: \u201eHerr Meier, die Zutaten f\u00fcr den Obstkuchen hat Ihre Frau ja schon gekauft &#8211; wenn Sie nichts mehr brauchen, erlaube ich mir, 15,30 \u20ac von Ihrem Konto abzubuchen\u201c.<\/p>\n<p>Mit tiefer Zufriedenheit in der Stimme antworte ich: &#8222;Das war&#8217;s f\u00fcr heute, ich w\u00fcnsche Ihnen noch einen sch\u00f6nen Tag&#8220;.<\/p>\n<p>Zu Hause begr\u00fc\u00dfte mich meine Frau mit einem gequ\u00e4lten L\u00e4cheln. \u201eSeit die neue Bea bei uns in der B\u00e4ckerei bedient, gehst du ja richtig gerne und oft zum B\u00e4cker.\u201c Nun, was meine Frau nicht wei\u00df ist, dass Bea eine Konstruktion aus Silikon, Blech und Elektronik ist. Aber das verrate ich ihr nicht.<\/p>\n<p>Das Interessante am Einkaufen ist, dass Bea aus meinen Kontakten, deren Einkaufsgewohnheiten, meinem Geburtstag und der Bewegungshistorie meiner Freunde erkannt hat, dass ich heute Geburtstag habe. Wer alles kommt und was ich noch f\u00fcr die Feier brauche.<\/p>\n<p>Da stellt sich mir die Frage: Wohin wird uns der Umgang mit KI in Zukunft noch f\u00fchren?<\/p>\n\n\n\n<p><\/p>\n\n\n\n<div class=\"wp-block-columns alignwide are-vertically-aligned-top is-layout-flex wp-container-core-columns-is-layout-9d6595d7 wp-block-columns-is-layout-flex\">\n<div class=\"wp-block-column is-vertically-aligned-top is-layout-flow wp-block-column-is-layout-flow\" style=\"flex-basis:66.66%\">\n<figure class=\"wp-block-image size-full\"><img loading=\"lazy\" decoding=\"async\" width=\"150\" height=\"150\" src=\"https:\/\/ki-info.net\/wp-content\/uploads\/2023\/06\/KI-Frau-1-150x150-1.jpg\" alt=\"\" class=\"wp-image-23\"\/><figcaption class=\"wp-element-caption\">@KI generiert<br>p.S. &nbsp;Bea hei\u00dft &#8211; <strong>B<\/strong>\u00e4ckers <strong>e<\/strong>lektrischer <strong>A<\/strong>ssistentin<br>Bea kennt alle Sprachen der Welt und alle Rezepte aus den Backstuben.<\/figcaption><\/figure>\n<\/div>\n\n\n\n<div class=\"wp-block-column is-vertically-aligned-top is-layout-flow wp-block-column-is-layout-flow\" style=\"flex-basis:33.33%\"><\/div>\n<\/div>\n<\/div>\n<\/div>\n","protected":false},"excerpt":{"rendered":"<p>Mein Lieblingsb\u00e4cker um die Ecke Wie jeden Samstag sage ich zu meiner Frau: \u201eSchatz, ich geh mal schnell zum B\u00e4cker\u201c. Sie antwortet wie immer mit der gleichen liebevollen Stimme: \u201eSchon gut, es dauert nicht lange. Ich koche in der Zwischenzeit den Kaffee\u201c. Beim B\u00e4cker angekommen, begr\u00fc\u00dft mich die h\u00fcbsche Verk\u00e4uferin Bea mit einer fast melodischen [&hellip;]<\/p>\n","protected":false},"author":1,"featured_media":0,"parent":0,"menu_order":0,"comment_status":"closed","ping_status":"closed","template":"","meta":{"footnotes":""},"class_list":["post-40","page","type-page","status-publish","hentry","post-preview"],"_links":{"self":[{"href":"https:\/\/ki-info.net\/index.php?rest_route=\/wp\/v2\/pages\/40","targetHints":{"allow":["GET"]}}],"collection":[{"href":"https:\/\/ki-info.net\/index.php?rest_route=\/wp\/v2\/pages"}],"about":[{"href":"https:\/\/ki-info.net\/index.php?rest_route=\/wp\/v2\/types\/page"}],"author":[{"embeddable":true,"href":"https:\/\/ki-info.net\/index.php?rest_route=\/wp\/v2\/users\/1"}],"replies":[{"embeddable":true,"href":"https:\/\/ki-info.net\/index.php?rest_route=%2Fwp%2Fv2%2Fcomments&post=40"}],"version-history":[{"count":16,"href":"https:\/\/ki-info.net\/index.php?rest_route=\/wp\/v2\/pages\/40\/revisions"}],"predecessor-version":[{"id":276,"href":"https:\/\/ki-info.net\/index.php?rest_route=\/wp\/v2\/pages\/40\/revisions\/276"}],"wp:attachment":[{"href":"https:\/\/ki-info.net\/index.php?rest_route=%2Fwp%2Fv2%2Fmedia&parent=40"}],"curies":[{"name":"wp","href":"https:\/\/api.w.org\/{rel}","templated":true}]}}