{"id":200,"date":"2023-07-15T13:20:20","date_gmt":"2023-07-15T13:20:20","guid":{"rendered":"https:\/\/ki-info.net\/?page_id=200"},"modified":"2023-07-22T20:18:04","modified_gmt":"2023-07-22T20:18:04","slug":"willkommen-in-der-ki-welt","status":"publish","type":"page","link":"https:\/\/ki-info.net\/?page_id=200","title":{"rendered":"Willkommen in der KI- Welt"},"content":{"rendered":"\n<p>Die K\u00fcnstliche Intelligenz ist aus unserem Alltag nicht mehr wegzudenken. In vielen F\u00e4llen werden wir uns nicht bewusst sein, dass wir in der einen oder anderen Situation auf die Unterst\u00fctzung von KI angewiesen sind.<\/p>\n\n\n\n<p>Der Umgang mit KI wird die Gesellschaft in <strong>vier<\/strong> gro\u00dfe <strong>Nutzergruppen<\/strong> spalten (Gewinner, Entwickler, Anwender, Verlierer) und damit gro\u00dfen Einfluss auf das soziale und wirtschaftliche Leben der Menschheit haben.<\/p>\n\n\n\n<div class=\"wp-block-columns is-layout-flex wp-container-core-columns-is-layout-9d6595d7 wp-block-columns-is-layout-flex\">\n<div class=\"wp-block-column is-layout-flow wp-block-column-is-layout-flow\" style=\"flex-basis:33.33%\">\n<figure class=\"wp-block-image size-full\"><img loading=\"lazy\" decoding=\"async\" width=\"1024\" height=\"1024\" src=\"https:\/\/ki-info.net\/wp-content\/uploads\/2023\/07\/kimitgeld.jpeg\" alt=\"\" class=\"wp-image-209\" srcset=\"https:\/\/ki-info.net\/wp-content\/uploads\/2023\/07\/kimitgeld.jpeg 1024w, https:\/\/ki-info.net\/wp-content\/uploads\/2023\/07\/kimitgeld-300x300.jpeg 300w, https:\/\/ki-info.net\/wp-content\/uploads\/2023\/07\/kimitgeld-150x150.jpeg 150w, https:\/\/ki-info.net\/wp-content\/uploads\/2023\/07\/kimitgeld-768x768.jpeg 768w, https:\/\/ki-info.net\/wp-content\/uploads\/2023\/07\/kimitgeld-676x676.jpeg 676w\" sizes=\"auto, (max-width: 1024px) 100vw, 1024px\" \/><figcaption class=\"wp-element-caption\">@KI generiert J. K\u00e4ding<\/figcaption><\/figure>\n<\/div>\n\n\n\n<div class=\"wp-block-column is-layout-flow wp-block-column-is-layout-flow\" style=\"flex-basis:66.66%\">\n<p>So wird erwartet, dass der Weltmarkt f\u00fcr KI bis <strong>2025 ein Volumen von rund 190 Milliarden US-Dollar<\/strong> erreicht. Der gr\u00f6\u00dfte Teil davon wird von den Unternehmen erwirtschaftet werden, die bereits heute an der Spitze der Entwicklung stehen. Dieser starke Wachstumstrend wird von einer Reihe von Faktoren angetrieben, darunter die zunehmende Verf\u00fcgbarkeit von Daten, Fortschritte in der KI-Forschung und die steigende Nachfrage nach KI-basierten Produkten und Dienstleistung<\/p>\n<\/div>\n<\/div>\n\n\n\n<div class=\"wp-block-columns is-layout-flex wp-container-core-columns-is-layout-9d6595d7 wp-block-columns-is-layout-flex\">\n<div class=\"wp-block-column is-layout-flow wp-block-column-is-layout-flow\" style=\"flex-basis:33.33%\">\n<figure class=\"wp-block-image size-full\"><img loading=\"lazy\" decoding=\"async\" width=\"1024\" height=\"1024\" src=\"https:\/\/ki-info.net\/wp-content\/uploads\/2023\/07\/kientwickler.jpeg\" alt=\"\" class=\"wp-image-201\" srcset=\"https:\/\/ki-info.net\/wp-content\/uploads\/2023\/07\/kientwickler.jpeg 1024w, https:\/\/ki-info.net\/wp-content\/uploads\/2023\/07\/kientwickler-300x300.jpeg 300w, https:\/\/ki-info.net\/wp-content\/uploads\/2023\/07\/kientwickler-150x150.jpeg 150w, https:\/\/ki-info.net\/wp-content\/uploads\/2023\/07\/kientwickler-768x768.jpeg 768w, https:\/\/ki-info.net\/wp-content\/uploads\/2023\/07\/kientwickler-676x676.jpeg 676w\" sizes=\"auto, (max-width: 1024px) 100vw, 1024px\" \/><figcaption class=\"wp-element-caption\">@KI generiert J. K\u00e4ding<\/figcaption><\/figure>\n<\/div>\n\n\n\n<div class=\"wp-block-column is-layout-flow wp-block-column-is-layout-flow\" style=\"flex-basis:66.66%\">\n<p>Die meisten von uns werden nicht direkt bei den gro\u00dfen KI-Playern wie Microsoft, Google, Nvidia, openAI, IBM oder Meta an der Entwicklung von KI-L\u00f6sungen mitwirken k\u00f6nnen. Allerdings werden KI-gest\u00fctzte Prozesse die Arbeitswelt in vielen Berufsgruppen grundlegend ver\u00e4ndern, die heute noch nicht genau definiert werden k\u00f6nnen. Wir k\u00f6nnen Teil eines globalen Marktes sein, in dem KI eine wichtige Rolle spielt und in dem viele Milliarden Dollar investiert und verdient werden.<\/p>\n<\/div>\n<\/div>\n\n\n\n<div class=\"wp-block-columns is-layout-flex wp-container-core-columns-is-layout-9d6595d7 wp-block-columns-is-layout-flex\">\n<div class=\"wp-block-column is-layout-flow wp-block-column-is-layout-flow\" style=\"flex-basis:33.33%\">\n<figure class=\"wp-block-image size-full\"><img loading=\"lazy\" decoding=\"async\" width=\"1024\" height=\"1024\" src=\"https:\/\/ki-info.net\/wp-content\/uploads\/2023\/07\/kianwender.jpg\" alt=\"\" class=\"wp-image-214\" srcset=\"https:\/\/ki-info.net\/wp-content\/uploads\/2023\/07\/kianwender.jpg 1024w, https:\/\/ki-info.net\/wp-content\/uploads\/2023\/07\/kianwender-300x300.jpg 300w, https:\/\/ki-info.net\/wp-content\/uploads\/2023\/07\/kianwender-150x150.jpg 150w, https:\/\/ki-info.net\/wp-content\/uploads\/2023\/07\/kianwender-768x768.jpg 768w, https:\/\/ki-info.net\/wp-content\/uploads\/2023\/07\/kianwender-676x676.jpg 676w\" sizes=\"auto, (max-width: 1024px) 100vw, 1024px\" \/><figcaption class=\"wp-element-caption\">@KI generiert J. K\u00e4ding<\/figcaption><\/figure>\n<\/div>\n\n\n\n<div class=\"wp-block-column is-layout-flow wp-block-column-is-layout-flow\" style=\"flex-basis:66.66%\">\n<p>Die \u00fcberwiegende Mehrheit der Menschen, die mit KI in Ber\u00fchrung kommen, wird sie bewusst oder unbewusst nutzen. Die Art und Weise, wie dies erfolgt, h\u00e4ngt von den individuellen Umfeldern der Nutzer ab. Die Anwendungsbereiche reichen von der direkten Unterst\u00fctzung im Arbeitsumfeld, z. B. bei der Textgestaltung oder wissenschaftlichen Recherche, bis hin zur Grafikgestaltung. Im t\u00e4glichen Gebrauch wird KI durch die Nutzung von Anwendungen aus dem Internet oder dem multimedialen Bereich das Leben der Menschen beeinflussen.<\/p>\n\n\n\n<p><strong>Es ist jedoch wichtig, sich der  Risiken von KI bewusst zu sein. So kann KI beispielsweise dazu verwendet werden, Menschen zu manipulieren oder zu diskriminieren. Es ist daher wichtig, dass KI verantwortungsbewusst eingesetzt wird und dass die Menschen \u00fcber die potenziellen Risiken und Vorteile von KI Bescheid wissen.<\/strong><\/p>\n<\/div>\n<\/div>\n\n\n\n<div class=\"wp-block-columns is-layout-flex wp-container-core-columns-is-layout-9d6595d7 wp-block-columns-is-layout-flex\">\n<div class=\"wp-block-column is-layout-flow wp-block-column-is-layout-flow\" style=\"flex-basis:33.33%\">\n<figure class=\"wp-block-image size-full\"><img loading=\"lazy\" decoding=\"async\" width=\"1024\" height=\"1024\" src=\"https:\/\/ki-info.net\/wp-content\/uploads\/2023\/07\/kiverlierer.jpeg\" alt=\"\" class=\"wp-image-206\" srcset=\"https:\/\/ki-info.net\/wp-content\/uploads\/2023\/07\/kiverlierer.jpeg 1024w, https:\/\/ki-info.net\/wp-content\/uploads\/2023\/07\/kiverlierer-300x300.jpeg 300w, https:\/\/ki-info.net\/wp-content\/uploads\/2023\/07\/kiverlierer-150x150.jpeg 150w, https:\/\/ki-info.net\/wp-content\/uploads\/2023\/07\/kiverlierer-768x768.jpeg 768w, https:\/\/ki-info.net\/wp-content\/uploads\/2023\/07\/kiverlierer-676x676.jpeg 676w\" sizes=\"auto, (max-width: 1024px) 100vw, 1024px\" \/><figcaption class=\"wp-element-caption\">@KI generiert J. K\u00e4ding<\/figcaption><\/figure>\n<\/div>\n\n\n\n<div class=\"wp-block-column is-layout-flow wp-block-column-is-layout-flow\" style=\"flex-basis:66.66%\">\n<p>Die Unterlegenen der k\u00fcnstlichen Intelligenz sind in der Regel jene, die nicht direkt an der Entwicklung und Umsetzung von KI-L\u00f6sungen beteiligt sind oder keine Zugangsm\u00f6glichkeiten zu den neuesten Technologien und Ressourcen haben. Dies schlie\u00dft m\u00f6glicherweise kleinere Unternehmen, Einzelpersonen ohne technische Fachkenntnisse oder begrenzte finanzielle Mittel sowie Regionen mit eingeschr\u00e4nkter Infrastruktur ein.<br><br>Zu den scheinbar unterlegenen der KI geh\u00f6ren aber auch jene Menschen, die ihre intellektuelle<br>Weiterentwicklung vernachl\u00e4ssig und sich nur noch auf die F\u00e4higkeit der KI verlassen. So kann das Erlernen einer Fremdsprache als \u00fcberfl\u00fcssig angesehen werden, weil es Systeme gibt, die die eine \u00dcbersetzung in Echtzeit vornehmen.&nbsp;<\/p>\n<\/div>\n<\/div>\n","protected":false},"excerpt":{"rendered":"<p>Die K\u00fcnstliche Intelligenz ist aus unserem Alltag nicht mehr wegzudenken. In vielen F\u00e4llen werden wir uns nicht bewusst sein, dass wir in der einen oder anderen Situation auf die Unterst\u00fctzung von KI angewiesen sind. Der Umgang mit KI wird die Gesellschaft in vier gro\u00dfe Nutzergruppen spalten (Gewinner, Entwickler, Anwender, Verlierer) und damit gro\u00dfen Einfluss auf [&hellip;]<\/p>\n","protected":false},"author":1,"featured_media":0,"parent":0,"menu_order":0,"comment_status":"closed","ping_status":"closed","template":"","meta":{"footnotes":""},"class_list":["post-200","page","type-page","status-publish","hentry","post-preview"],"_links":{"self":[{"href":"https:\/\/ki-info.net\/index.php?rest_route=\/wp\/v2\/pages\/200","targetHints":{"allow":["GET"]}}],"collection":[{"href":"https:\/\/ki-info.net\/index.php?rest_route=\/wp\/v2\/pages"}],"about":[{"href":"https:\/\/ki-info.net\/index.php?rest_route=\/wp\/v2\/types\/page"}],"author":[{"embeddable":true,"href":"https:\/\/ki-info.net\/index.php?rest_route=\/wp\/v2\/users\/1"}],"replies":[{"embeddable":true,"href":"https:\/\/ki-info.net\/index.php?rest_route=%2Fwp%2Fv2%2Fcomments&post=200"}],"version-history":[{"count":12,"href":"https:\/\/ki-info.net\/index.php?rest_route=\/wp\/v2\/pages\/200\/revisions"}],"predecessor-version":[{"id":245,"href":"https:\/\/ki-info.net\/index.php?rest_route=\/wp\/v2\/pages\/200\/revisions\/245"}],"wp:attachment":[{"href":"https:\/\/ki-info.net\/index.php?rest_route=%2Fwp%2Fv2%2Fmedia&parent=200"}],"curies":[{"name":"wp","href":"https:\/\/api.w.org\/{rel}","templated":true}]}}