{"id":166,"date":"2023-07-06T19:07:58","date_gmt":"2023-07-06T19:07:58","guid":{"rendered":"https:\/\/ki-info.net\/?page_id=166"},"modified":"2023-07-22T20:15:34","modified_gmt":"2023-07-22T20:15:34","slug":"textverarbeitung","status":"publish","type":"page","link":"https:\/\/ki-info.net\/?page_id=166","title":{"rendered":"Chatbot &#8211; Textverarbeitung"},"content":{"rendered":"\n<div class=\"wp-block-columns is-layout-flex wp-container-core-columns-is-layout-9d6595d7 wp-block-columns-is-layout-flex\">\n<div class=\"wp-block-column is-layout-flow wp-block-column-is-layout-flow\" style=\"flex-basis:33.33%\">\n<figure class=\"wp-block-image size-full\"><img loading=\"lazy\" decoding=\"async\" width=\"1024\" height=\"1024\" src=\"https:\/\/ki-info.net\/wp-content\/uploads\/2023\/07\/KImitText.jpg\" alt=\"\" class=\"wp-image-169\" srcset=\"https:\/\/ki-info.net\/wp-content\/uploads\/2023\/07\/KImitText.jpg 1024w, https:\/\/ki-info.net\/wp-content\/uploads\/2023\/07\/KImitText-300x300.jpg 300w, https:\/\/ki-info.net\/wp-content\/uploads\/2023\/07\/KImitText-150x150.jpg 150w, https:\/\/ki-info.net\/wp-content\/uploads\/2023\/07\/KImitText-768x768.jpg 768w, https:\/\/ki-info.net\/wp-content\/uploads\/2023\/07\/KImitText-676x676.jpg 676w\" sizes=\"auto, (max-width: 1024px) 100vw, 1024px\" \/><figcaption class=\"wp-element-caption\">@KI generiert J. K\u00e4ding<\/figcaption><\/figure>\n<\/div>\n\n\n\n<div class=\"wp-block-column is-layout-flow wp-block-column-is-layout-flow\" style=\"flex-basis:66.66%\">\n<p>ChatGPT der Firma OpenAI hat einen Hype ausgel\u00f6st, der zu Recht mit der Goldgr\u00e4berstimmung in den USA verglichen werden kann. Die M\u00f6glichkeiten reichen von der \u00dcbersetzung von Texten aus einer Sprache in eine beliebige andere Sprache. Sie geh\u00f6ren allein in den Bereich der \u00dcbersetzer. Als besonders erfolgreich ist hier die <a rel=\"noreferrer noopener\" href=\"http:\/\/www.deepl.com\" data-type=\"URL\" data-id=\"www.deepl.com\" target=\"_blank\">Firma Deepl<\/a> zu nennen. Hier ist die Anwendung von KI auf h\u00f6chstem Niveau. Hier m\u00f6chte ich auch die integrierten \u00dcbersetzer der aller Smartphone Hersteller verweisen.<\/p>\n<\/div>\n<\/div>\n\n\n\n<div class=\"wp-block-columns is-layout-flex wp-container-core-columns-is-layout-9d6595d7 wp-block-columns-is-layout-flex\">\n<div class=\"wp-block-column is-layout-flow wp-block-column-is-layout-flow\" style=\"flex-basis:33.33%\">\n<figure class=\"wp-block-image size-full\"><img loading=\"lazy\" decoding=\"async\" width=\"1024\" height=\"1024\" src=\"https:\/\/ki-info.net\/wp-content\/uploads\/2023\/07\/aimittext.jpg\" alt=\"\" class=\"wp-image-172\" srcset=\"https:\/\/ki-info.net\/wp-content\/uploads\/2023\/07\/aimittext.jpg 1024w, https:\/\/ki-info.net\/wp-content\/uploads\/2023\/07\/aimittext-300x300.jpg 300w, https:\/\/ki-info.net\/wp-content\/uploads\/2023\/07\/aimittext-150x150.jpg 150w, https:\/\/ki-info.net\/wp-content\/uploads\/2023\/07\/aimittext-768x768.jpg 768w, https:\/\/ki-info.net\/wp-content\/uploads\/2023\/07\/aimittext-676x676.jpg 676w\" sizes=\"auto, (max-width: 1024px) 100vw, 1024px\" \/><figcaption class=\"wp-element-caption\">@KI generiert J. K\u00e4ding<\/figcaption><\/figure>\n<\/div>\n\n\n\n<div class=\"wp-block-column is-layout-flow wp-block-column-is-layout-flow\" style=\"flex-basis:66.66%\">\n<p<p><p style=\"color:red;\">ChatGPT-Antwort<\/p>\n\n\n\n<p>Hier ein Beispiel f\u00fcr die Kombination von<br>ChatGPT und Bind Antworten.<\/p>\n\n\n\n<p>Chat-Bots sind computergesteuerte Programme, die entworfen wurden, um mit Menschen \u00fcber eine Chat-Schnittstelle zu kommunizieren. Sie basieren auf k\u00fcnstlicher Intelligenz und k\u00f6nnen mithilfe von Algorithmen und Datenbanken menschen\u00e4hnliche Gespr\u00e4che f\u00fchren.<\/p>\n\n\n\n<p><p style=\"color:red;\">Bing-Antwort<\/p><\/p>\n\n\n\n<p>Bing ist eine Suchmaschine von Microsoft, w\u00e4hrend Google Bard und ChatGPT KI-Chatbots sind.&nbsp;<a rel=\"noreferrer noopener\" href=\"https:\/\/www.br.de\/nachrichten\/deutschland-welt\/wer-ist-besser-google-bard-chatgpt4-oder-microsoft-bing,TZB6XFw\" target=\"_blank\">Google Bard wurde von Google entwickelt und ChatGPT von OpenAI&nbsp;<sup>1<\/sup><\/a>.&nbsp;<a rel=\"noreferrer noopener\" href=\"https:\/\/www.giga.de\/artikel\/google-bard-vs.-chatgpt-was-sind-die-unterschiede\/\" target=\"_blank\">ChatGPT arbeitet in Microsofts Suchmaschine Bing&nbsp;<sup>2<\/sup><\/a>.&nbsp;<a rel=\"noreferrer noopener\" href=\"https:\/\/www.br.de\/nachrichten\/deutschland-welt\/wer-ist-besser-google-bard-chatgpt4-oder-microsoft-bing,TZB6XFw\" target=\"_blank\">Bard l\u00e4uft auf einer eigenen Website (bard.google.com) und ist nicht in die Google-Suche integriert&nbsp;<sup>1<\/sup><\/a>.<\/p>\n\n\n\n<p>Unter den angegeben Links findet Ihre weiterf\u00fchrende Information. Die Angabe echter Links ist ein gro\u00dfer Vorteil von Bing.<\/p>\n<\/div>\n<\/div>\n","protected":false},"excerpt":{"rendered":"<p>ChatGPT der Firma OpenAI hat einen Hype ausgel\u00f6st, der zu Recht mit der Goldgr\u00e4berstimmung in den USA verglichen werden kann. Die M\u00f6glichkeiten reichen von der \u00dcbersetzung von Texten aus einer Sprache in eine beliebige andere Sprache. Sie geh\u00f6ren allein in den Bereich der \u00dcbersetzer. Als besonders erfolgreich ist hier die Firma Deepl zu nennen. Hier [&hellip;]<\/p>\n","protected":false},"author":1,"featured_media":0,"parent":0,"menu_order":0,"comment_status":"closed","ping_status":"closed","template":"","meta":{"footnotes":""},"class_list":["post-166","page","type-page","status-publish","hentry","post-preview"],"_links":{"self":[{"href":"https:\/\/ki-info.net\/index.php?rest_route=\/wp\/v2\/pages\/166","targetHints":{"allow":["GET"]}}],"collection":[{"href":"https:\/\/ki-info.net\/index.php?rest_route=\/wp\/v2\/pages"}],"about":[{"href":"https:\/\/ki-info.net\/index.php?rest_route=\/wp\/v2\/types\/page"}],"author":[{"embeddable":true,"href":"https:\/\/ki-info.net\/index.php?rest_route=\/wp\/v2\/users\/1"}],"replies":[{"embeddable":true,"href":"https:\/\/ki-info.net\/index.php?rest_route=%2Fwp%2Fv2%2Fcomments&post=166"}],"version-history":[{"count":12,"href":"https:\/\/ki-info.net\/index.php?rest_route=\/wp\/v2\/pages\/166\/revisions"}],"predecessor-version":[{"id":242,"href":"https:\/\/ki-info.net\/index.php?rest_route=\/wp\/v2\/pages\/166\/revisions\/242"}],"wp:attachment":[{"href":"https:\/\/ki-info.net\/index.php?rest_route=%2Fwp%2Fv2%2Fmedia&parent=166"}],"curies":[{"name":"wp","href":"https:\/\/api.w.org\/{rel}","templated":true}]}}